{"id":216,"date":"2017-07-05T11:09:39","date_gmt":"2017-07-05T11:09:39","guid":{"rendered":"http:\/\/themes.webmasterdriver.net\/olomo\/?page_id=216"},"modified":"2026-04-08T13:55:03","modified_gmt":"2026-04-08T13:55:03","slug":"how-it-work","status":"publish","type":"page","link":"https:\/\/senioria-swiss.ch\/en\/how-it-work\/","title":{"rendered":"Comment fonctionne Senioria ?"},"content":{"rendered":"<div data-elementor-type=\"wp-page\" data-elementor-id=\"216\" class=\"elementor elementor-216\">\n\t\t\t\t<div class=\"elementor-element elementor-element-bba4510 e-flex e-con-boxed e-con e-parent\" data-id=\"bba4510\" data-element_type=\"container\" data-e-type=\"container\">\n\t\t\t\t\t<div class=\"e-con-inner\">\n\t\t\t\t<div class=\"elementor-element elementor-element-b70c424 elementor-widget elementor-widget-heading\" data-id=\"b70c424\" data-element_type=\"widget\" data-e-type=\"widget\" data-widget_type=\"heading.default\">\n\t\t\t\t\t<h3 class=\"elementor-heading-title elementor-size-default\">Comment fonctionne Senioria ?<br><br>Je choisis \u2192 Je planifie \u2192 Je suis livr\u00e9 chez moi<\/h3>\t\t\t\t<\/div>\n\t\t\t\t\t<\/div>\n\t\t\t\t<\/div>\n\t\t<div class=\"elementor-element elementor-element-5f9b3b3 e-flex e-con-boxed e-con e-parent\" data-id=\"5f9b3b3\" data-element_type=\"container\" data-e-type=\"container\">\n\t\t\t\t\t<div class=\"e-con-inner\">\n\t\t\t\t<div class=\"elementor-element elementor-element-499bae0 elementor-widget elementor-widget-spacer\" data-id=\"499bae0\" data-element_type=\"widget\" data-e-type=\"widget\" data-widget_type=\"spacer.default\">\n\t\t\t\t\t\t\t<div class=\"elementor-spacer\">\n\t\t\t<div class=\"elementor-spacer-inner\"><\/div>\n\t\t<\/div>\n\t\t\t\t\t\t<\/div>\n\t\t\t\t\t<\/div>\n\t\t\t\t<\/div>\n\t\t\t\t<section class=\"elementor-section elementor-top-section elementor-element elementor-element-ef413e9 elementor-section-boxed elementor-section-height-default elementor-section-height-default\" data-id=\"ef413e9\" data-element_type=\"section\" data-e-type=\"section\">\n\t\t\t\t\t\t<div class=\"elementor-container elementor-column-gap-default\">\n\t\t\t\t\t<div class=\"elementor-column elementor-col-100 elementor-top-column elementor-element elementor-element-001d736\" data-id=\"001d736\" data-element_type=\"column\" data-e-type=\"column\">\n\t\t\t<div class=\"elementor-widget-wrap elementor-element-populated\">\n\t\t\t\t\t\t<section class=\"elementor-section elementor-inner-section elementor-element elementor-element-6e1bf26 elementor-section-boxed elementor-section-height-default elementor-section-height-default\" data-id=\"6e1bf26\" data-element_type=\"section\" data-e-type=\"section\">\n\t\t\t\t\t\t<div class=\"elementor-container elementor-column-gap-default\">\n\t\t\t\t\t<div class=\"elementor-column elementor-col-50 elementor-inner-column elementor-element elementor-element-986022b\" data-id=\"986022b\" data-element_type=\"column\" data-e-type=\"column\">\n\t\t\t<div class=\"elementor-widget-wrap elementor-element-populated\">\n\t\t\t\t\t\t<div class=\"elementor-element elementor-element-fa27ee6 how_it_work_info elementor-widget elementor-widget-text-editor\" data-id=\"fa27ee6\" data-element_type=\"widget\" data-e-type=\"widget\" data-widget_type=\"text-editor.default\">\n\t\t\t\t\t\t\t\t\t<p><span class=\"step_n\">01<\/span><\/p><h2 data-section-id=\"17d3etg\" data-start=\"172\" data-end=\"208\"><span role=\"text\">\ud83d\udd0e <strong data-start=\"178\" data-end=\"206\">1. Je choisis un service<\/strong><\/span><\/h2><p data-start=\"209\" data-end=\"307\">Je s\u00e9lectionne facilement ce dont j\u2019ai besoin parmi les services propos\u00e9s par les E.M.S : repas livr\u00e9s \u00e0 domicile, service de linge, aide pour les t\u00e2ches du quotidien, courses, coiffure, p\u00e9dicure, petits d\u00e9pannages&#8230;.<\/p><p data-start=\"309\" data-end=\"352\"><strong>Des services simples pour mon quotidien.<\/strong><\/p>\t\t\t\t\t\t\t\t<\/div>\n\t\t\t\t\t<\/div>\n\t\t<\/div>\n\t\t\t\t<div class=\"elementor-column elementor-col-50 elementor-inner-column elementor-element elementor-element-aede358 how_it_work_img\" data-id=\"aede358\" data-element_type=\"column\" data-e-type=\"column\">\n\t\t\t<div class=\"elementor-widget-wrap\">\n\t\t\t\t\t\t\t<\/div>\n\t\t<\/div>\n\t\t\t\t\t<\/div>\n\t\t<\/section>\n\t\t\t\t<section class=\"elementor-section elementor-inner-section elementor-element elementor-element-436a9ce elementor-section-boxed elementor-section-height-default elementor-section-height-default\" data-id=\"436a9ce\" data-element_type=\"section\" data-e-type=\"section\">\n\t\t\t\t\t\t<div class=\"elementor-container elementor-column-gap-default\">\n\t\t\t\t\t<div class=\"elementor-column elementor-col-50 elementor-inner-column elementor-element elementor-element-c249e63\" data-id=\"c249e63\" data-element_type=\"column\" data-e-type=\"column\">\n\t\t\t<div class=\"elementor-widget-wrap\">\n\t\t\t\t\t\t\t<\/div>\n\t\t<\/div>\n\t\t\t\t<div class=\"elementor-column elementor-col-50 elementor-inner-column elementor-element elementor-element-75d7bde how_it_work_img\" data-id=\"75d7bde\" data-element_type=\"column\" data-e-type=\"column\">\n\t\t\t<div class=\"elementor-widget-wrap elementor-element-populated\">\n\t\t\t\t\t\t<div class=\"elementor-element elementor-element-e7ca4b6 how_it_work_info elementor-widget elementor-widget-text-editor\" data-id=\"e7ca4b6\" data-element_type=\"widget\" data-e-type=\"widget\" data-widget_type=\"text-editor.default\">\n\t\t\t\t\t\t\t\t\t<p><span class=\"step_n\">02<\/span><\/p><h2 data-section-id=\"1x3jinz\" data-start=\"359\" data-end=\"405\"><span role=\"text\">\ud83d\udcc5 <strong data-start=\"365\" data-end=\"403\">2. Je planifie en toute simplicit\u00e9<\/strong><\/span><\/h2><p data-start=\"406\" data-end=\"472\">Je choisis le moment qui me convient, une fois ou r\u00e9guli\u00e8rement.<\/p><p data-start=\"474\" data-end=\"509\"><strong>\u00c0 mon rythme, selon mes besoins.<\/strong><\/p>\t\t\t\t\t\t\t\t<\/div>\n\t\t\t\t\t<\/div>\n\t\t<\/div>\n\t\t\t\t\t<\/div>\n\t\t<\/section>\n\t\t\t\t<section class=\"elementor-section elementor-inner-section elementor-element elementor-element-78d3079 elementor-section-boxed elementor-section-height-default elementor-section-height-default\" data-id=\"78d3079\" data-element_type=\"section\" data-e-type=\"section\">\n\t\t\t\t\t\t<div class=\"elementor-container elementor-column-gap-default\">\n\t\t\t\t\t<div class=\"elementor-column elementor-col-50 elementor-inner-column elementor-element elementor-element-6173a6d\" data-id=\"6173a6d\" data-element_type=\"column\" data-e-type=\"column\">\n\t\t\t<div class=\"elementor-widget-wrap elementor-element-populated\">\n\t\t\t\t\t\t<div class=\"elementor-element elementor-element-00cb323 how_it_work_info elementor-widget elementor-widget-text-editor\" data-id=\"00cb323\" data-element_type=\"widget\" data-e-type=\"widget\" data-widget_type=\"text-editor.default\">\n\t\t\t\t\t\t\t\t\t<p><span class=\"step_n\">03<\/span><\/p><h2 data-section-id=\"1xo5rn\" data-start=\"516\" data-end=\"567\"><span role=\"text\">\ud83d\ude9a <strong data-start=\"522\" data-end=\"565\">3. Je suis livr\u00e9 ou accompagn\u00e9 chez moi<\/strong><\/span><\/h2><p data-start=\"568\" data-end=\"653\">Le service est r\u00e9alis\u00e9 directement \u00e0 mon domicile, avec attention et bienveillance.<\/p><p data-start=\"655\" data-end=\"695\">Je reste chez moi, en toute s\u00e9r\u00e9nit\u00e9.<\/p>\t\t\t\t\t\t\t\t<\/div>\n\t\t\t\t\t<\/div>\n\t\t<\/div>\n\t\t\t\t<div class=\"elementor-column elementor-col-50 elementor-inner-column elementor-element elementor-element-aee8676 how_it_work_img\" data-id=\"aee8676\" data-element_type=\"column\" data-e-type=\"column\">\n\t\t\t<div class=\"elementor-widget-wrap\">\n\t\t\t\t\t\t\t<\/div>\n\t\t<\/div>\n\t\t\t\t\t<\/div>\n\t\t<\/section>\n\t\t\t\t\t<\/div>\n\t\t<\/div>\n\t\t\t\t\t<\/div>\n\t\t<\/section>\n\t\t<div class=\"elementor-element elementor-element-70ddc4c e-flex e-con-boxed e-con e-parent\" data-id=\"70ddc4c\" data-element_type=\"container\" data-e-type=\"container\">\n\t\t\t\t\t<div class=\"e-con-inner\">\n\t\t\t\t<div class=\"elementor-element elementor-element-c5f7c08 elementor-widget elementor-widget-spacer\" data-id=\"c5f7c08\" data-element_type=\"widget\" data-e-type=\"widget\" data-widget_type=\"spacer.default\">\n\t\t\t\t\t\t\t<div class=\"elementor-spacer\">\n\t\t\t<div class=\"elementor-spacer-inner\"><\/div>\n\t\t<\/div>\n\t\t\t\t\t\t<\/div>\n\t\t\t\t\t<\/div>\n\t\t\t\t<\/div>\n\t\t<div class=\"elementor-element elementor-element-673fb19 e-flex e-con-boxed e-con e-parent\" data-id=\"673fb19\" data-element_type=\"container\" data-e-type=\"container\">\n\t\t\t\t\t<div class=\"e-con-inner\">\n\t\t\t\t<div class=\"elementor-element elementor-element-23bdbe8 elementor-widget elementor-widget-image\" data-id=\"23bdbe8\" data-element_type=\"widget\" data-e-type=\"widget\" data-widget_type=\"image.default\">\n\t\t\t\t\t\t\t\t\t\t\t\t\t\t\t<img fetchpriority=\"high\" decoding=\"async\" width=\"900\" height=\"600\" src=\"https:\/\/senioria-swiss.ch\/wp-content\/uploads\/2026\/04\/Soutien-et-simplicite-pour-nos-aines-1024x683.png\" class=\"attachment-large size-large wp-image-4265\" alt=\"\" srcset=\"https:\/\/senioria-swiss.ch\/wp-content\/uploads\/2026\/04\/Soutien-et-simplicite-pour-nos-aines-1024x683.png 1024w, https:\/\/senioria-swiss.ch\/wp-content\/uploads\/2026\/04\/Soutien-et-simplicite-pour-nos-aines-300x200.png 300w, https:\/\/senioria-swiss.ch\/wp-content\/uploads\/2026\/04\/Soutien-et-simplicite-pour-nos-aines-768x512.png 768w, https:\/\/senioria-swiss.ch\/wp-content\/uploads\/2026\/04\/Soutien-et-simplicite-pour-nos-aines-18x12.png 18w, https:\/\/senioria-swiss.ch\/wp-content\/uploads\/2026\/04\/Soutien-et-simplicite-pour-nos-aines.png 1536w\" sizes=\"(max-width: 900px) 100vw, 900px\" \/>\t\t\t\t\t\t\t\t\t\t\t\t\t\t\t<\/div>\n\t\t\t\t\t<\/div>\n\t\t\t\t<\/div>\n\t\t\t\t<\/div>","protected":false},"excerpt":{"rendered":"<div class=\"contant\"><\/div>","protected":false},"author":1,"featured_media":4104,"parent":0,"menu_order":0,"comment_status":"closed","ping_status":"closed","template":"","meta":{"footnotes":""},"class_list":["post-216","page","type-page","status-publish","has-post-thumbnail","hentry"],"_links":{"self":[{"href":"https:\/\/senioria-swiss.ch\/en\/wp-json\/wp\/v2\/pages\/216","targetHints":{"allow":["GET"]}}],"collection":[{"href":"https:\/\/senioria-swiss.ch\/en\/wp-json\/wp\/v2\/pages"}],"about":[{"href":"https:\/\/senioria-swiss.ch\/en\/wp-json\/wp\/v2\/types\/page"}],"author":[{"embeddable":true,"href":"https:\/\/senioria-swiss.ch\/en\/wp-json\/wp\/v2\/users\/1"}],"replies":[{"embeddable":true,"href":"https:\/\/senioria-swiss.ch\/en\/wp-json\/wp\/v2\/comments?post=216"}],"version-history":[{"count":22,"href":"https:\/\/senioria-swiss.ch\/en\/wp-json\/wp\/v2\/pages\/216\/revisions"}],"predecessor-version":[{"id":4362,"href":"https:\/\/senioria-swiss.ch\/en\/wp-json\/wp\/v2\/pages\/216\/revisions\/4362"}],"wp:featuredmedia":[{"embeddable":true,"href":"https:\/\/senioria-swiss.ch\/en\/wp-json\/wp\/v2\/media\/4104"}],"wp:attachment":[{"href":"https:\/\/senioria-swiss.ch\/en\/wp-json\/wp\/v2\/media?parent=216"}],"curies":[{"name":"wp","href":"https:\/\/api.w.org\/{rel}","templated":true}]}}