{"id":37,"date":"2017-03-31T16:27:34","date_gmt":"2017-03-31T16:27:34","guid":{"rendered":"http:\/\/studio.cridio.com\/listingpro-content\/?page_id=37"},"modified":"2026-04-03T15:07:00","modified_gmt":"2026-04-03T15:07:00","slug":"contact-us","status":"publish","type":"page","link":"https:\/\/senioria-swiss.ch\/en\/contact-us\/","title":{"rendered":"Nous contacter"},"content":{"rendered":"\t\t<div data-elementor-type=\"wp-page\" data-elementor-id=\"37\" class=\"elementor elementor-37\">\n\t\t\t\t<div class=\"elementor-element elementor-element-cf43992 e-flex e-con-boxed e-con e-parent\" data-id=\"cf43992\" data-element_type=\"container\" data-e-type=\"container\">\n\t\t\t\t\t<div class=\"e-con-inner\">\n\t\t\t\t<div class=\"elementor-element elementor-element-90c5758 elementor-widget elementor-widget-text-editor\" data-id=\"90c5758\" data-element_type=\"widget\" data-e-type=\"widget\" data-widget_type=\"text-editor.default\">\n\t\t\t\t\t\t\t\t\t<h4><strong data-start=\"113\" data-end=\"203\">Envie d\u2019en savoir plus ou de b\u00e9n\u00e9ficier d\u2019un accompagnement adapt\u00e9 \u00e0 votre situation ?<\/strong><\/h4><h4><br data-start=\"203\" data-end=\"206\" \/>Notre \u00e9quipe Senioria est \u00e0 votre \u00e9coute pour \u00e9changer en toute simplicit\u00e9 et r\u00e9pondre \u00e0 vos besoins avec attention et bienveillance.<\/h4><p data-start=\"341\" data-end=\"500\"><strong data-start=\"344\" data-end=\"386\">Remplissez notre formulaire de contact<\/strong> pour \u00eatre recontact\u00e9 rapidement ou <strong data-start=\"429\" data-end=\"457\">Appelez-nous directement<\/strong> 077 213 75 73 pour un \u00e9change imm\u00e9diat avec notre \u00e9quipe.<\/p><p data-start=\"502\" data-end=\"560\">Nous vous accompagnons \u00e0 chaque \u00e9tape, en toute confiance.<\/p>\t\t\t\t\t\t\t\t<\/div>\n\t\t\t\t\t<\/div>\n\t\t\t\t<\/div>\n\t\t\t\t<section class=\"elementor-section elementor-top-section elementor-element elementor-element-c52314f elementor-section-boxed elementor-section-height-default elementor-section-height-default\" data-id=\"c52314f\" data-element_type=\"section\" data-e-type=\"section\">\n\t\t\t\t\t\t<div class=\"elementor-container elementor-column-gap-default\">\n\t\t\t\t\t<div class=\"elementor-column elementor-col-100 elementor-top-column elementor-element elementor-element-9c29b87\" data-id=\"9c29b87\" data-element_type=\"column\" data-e-type=\"column\">\n\t\t\t<div class=\"elementor-widget-wrap elementor-element-populated\">\n\t\t\t\t\t\t<div class=\"elementor-element elementor-element-b88ff83 elementor-widget elementor-widget-text-editor\" data-id=\"b88ff83\" data-element_type=\"widget\" data-e-type=\"widget\" data-widget_type=\"text-editor.default\">\n\t\t\t\t\t\t\t\t\t<h4 style=\"text-align: left;\">Nous \u00e9crire :<\/h4>\t\t\t\t\t\t\t\t<\/div>\n\t\t\t\t<div class=\"elementor-element elementor-element-e8d996d elementor-widget elementor-widget-shortcode\" data-id=\"e8d996d\" data-element_type=\"widget\" data-e-type=\"widget\" data-widget_type=\"shortcode.default\">\n\t\t\t\t\t\t\t<div class=\"elementor-shortcode\">\n<div class=\"wpcf7 no-js\" id=\"wpcf7-f667-o1\" lang=\"en-US\" dir=\"ltr\" data-wpcf7-id=\"667\">\n<div class=\"screen-reader-response\"><p role=\"status\" aria-live=\"polite\" aria-atomic=\"true\"><\/p> <ul><\/ul><\/div>\n<form action=\"\/en\/wp-json\/wp\/v2\/pages\/37#wpcf7-f667-o1\" method=\"post\" class=\"wpcf7-form init\" aria-label=\"Contact form\" novalidate=\"novalidate\" data-status=\"init\">\n<fieldset class=\"hidden-fields-container\"><input type=\"hidden\" name=\"_wpcf7\" value=\"667\" \/><input type=\"hidden\" name=\"_wpcf7_version\" value=\"6.1.5\" \/><input type=\"hidden\" name=\"_wpcf7_locale\" value=\"en_US\" \/><input type=\"hidden\" name=\"_wpcf7_unit_tag\" value=\"wpcf7-f667-o1\" \/><input type=\"hidden\" name=\"_wpcf7_container_post\" value=\"0\" \/><input type=\"hidden\" name=\"_wpcf7_posted_data_hash\" value=\"\" \/>\n<\/fieldset>\n<div class=\"form-group\">\n\t<p><span class=\"wpcf7-form-control-wrap\" data-name=\"your-name\"><input size=\"40\" maxlength=\"400\" class=\"wpcf7-form-control wpcf7-text wpcf7-validates-as-required\" aria-required=\"true\" aria-invalid=\"false\" placeholder=\"Name\" value=\"\" type=\"text\" name=\"your-name\" \/><\/span>\n\t<\/p>\n<\/div>\n<div class=\"form-group\">\n\t<p><span class=\"wpcf7-form-control-wrap\" data-name=\"your-email\"><input size=\"40\" maxlength=\"400\" class=\"wpcf7-form-control wpcf7-email wpcf7-validates-as-required wpcf7-text wpcf7-validates-as-email\" aria-required=\"true\" aria-invalid=\"false\" placeholder=\"Email Address\" value=\"\" type=\"email\" name=\"your-email\" \/><\/span>\n\t<\/p>\n<\/div>\n<div class=\"form-group\">\n\t<p><span class=\"wpcf7-form-control-wrap\" data-name=\"tel-751\"><input size=\"40\" maxlength=\"400\" class=\"wpcf7-form-control wpcf7-tel wpcf7-validates-as-required wpcf7-text wpcf7-validates-as-tel\" aria-required=\"true\" aria-invalid=\"false\" placeholder=\"Phone Number\" value=\"\" type=\"tel\" name=\"tel-751\" \/><\/span>\n\t<\/p>\n<\/div>\n<div class=\"form-group\">\n\t<p><span class=\"wpcf7-form-control-wrap\" data-name=\"your-message\"><textarea cols=\"40\" rows=\"10\" maxlength=\"2000\" class=\"wpcf7-form-control wpcf7-textarea\" aria-invalid=\"false\" placeholder=\"Message\" name=\"your-message\"><\/textarea><\/span>\n\t<\/p>\n<\/div>\n<div class=\"form-group\">\n\t<p><span class=\"wpcf7-form-control-wrap\" data-name=\"accept-this-1\"><span class=\"wpcf7-form-control wpcf7-acceptance\"><span class=\"wpcf7-list-item\"><label><input type=\"checkbox\" name=\"accept-this-1\" value=\"1\" aria-invalid=\"false\" \/><span class=\"wpcf7-list-item-label\">Check here to consent to this website storing my information so they can respond.<\/span><\/label><\/span><\/span><\/span>\n\t<\/p>\n<\/div>\n<p>[recaptcha]\n<\/p>\n<div class=\"form-group\">\n\t<p><input class=\"wpcf7-form-control wpcf7-submit has-spinner btn\" type=\"submit\" value=\"Submit\" \/>\n\t<\/p>\n<\/div><div class=\"wpcf7-response-output\" aria-hidden=\"true\"><\/div>\n<\/form>\n<\/div>\n<\/div>\n\t\t\t\t\t\t<\/div>\n\t\t\t\t\t<\/div>\n\t\t<\/div>\n\t\t\t\t\t<\/div>\n\t\t<\/section>\n\t\t<div class=\"elementor-element elementor-element-1c6b10b e-flex e-con-boxed e-con e-parent\" data-id=\"1c6b10b\" data-element_type=\"container\" data-e-type=\"container\">\n\t\t\t\t\t<div class=\"e-con-inner\">\n\t\t\t\t<div class=\"elementor-element elementor-element-dde0f62 elementor-widget elementor-widget-image\" data-id=\"dde0f62\" data-element_type=\"widget\" data-e-type=\"widget\" data-widget_type=\"image.default\">\n\t\t\t\t\t\t\t\t\t\t\t\t\t\t\t<img fetchpriority=\"high\" decoding=\"async\" width=\"900\" height=\"600\" src=\"https:\/\/senioria-swiss.ch\/wp-content\/uploads\/2026\/04\/Soins-et-compagnie-pour-aines-1024x683.png\" class=\"attachment-large size-large wp-image-4236\" alt=\"\" srcset=\"https:\/\/senioria-swiss.ch\/wp-content\/uploads\/2026\/04\/Soins-et-compagnie-pour-aines-1024x683.png 1024w, https:\/\/senioria-swiss.ch\/wp-content\/uploads\/2026\/04\/Soins-et-compagnie-pour-aines-300x200.png 300w, https:\/\/senioria-swiss.ch\/wp-content\/uploads\/2026\/04\/Soins-et-compagnie-pour-aines-768x512.png 768w, https:\/\/senioria-swiss.ch\/wp-content\/uploads\/2026\/04\/Soins-et-compagnie-pour-aines-18x12.png 18w, https:\/\/senioria-swiss.ch\/wp-content\/uploads\/2026\/04\/Soins-et-compagnie-pour-aines.png 1536w\" sizes=\"(max-width: 900px) 100vw, 900px\" \/>\t\t\t\t\t\t\t\t\t\t\t\t\t\t\t<\/div>\n\t\t\t\t\t<\/div>\n\t\t\t\t<\/div>\n\t\t\t\t<\/div>\n\t\t","protected":false},"excerpt":{"rendered":"<div class=\"contant\"><\/div>","protected":false},"author":1,"featured_media":993,"parent":0,"menu_order":0,"comment_status":"closed","ping_status":"closed","template":"","meta":{"footnotes":""},"class_list":["post-37","page","type-page","status-publish","has-post-thumbnail","hentry"],"_links":{"self":[{"href":"https:\/\/senioria-swiss.ch\/en\/wp-json\/wp\/v2\/pages\/37","targetHints":{"allow":["GET"]}}],"collection":[{"href":"https:\/\/senioria-swiss.ch\/en\/wp-json\/wp\/v2\/pages"}],"about":[{"href":"https:\/\/senioria-swiss.ch\/en\/wp-json\/wp\/v2\/types\/page"}],"author":[{"embeddable":true,"href":"https:\/\/senioria-swiss.ch\/en\/wp-json\/wp\/v2\/users\/1"}],"replies":[{"embeddable":true,"href":"https:\/\/senioria-swiss.ch\/en\/wp-json\/wp\/v2\/comments?post=37"}],"version-history":[{"count":16,"href":"https:\/\/senioria-swiss.ch\/en\/wp-json\/wp\/v2\/pages\/37\/revisions"}],"predecessor-version":[{"id":4347,"href":"https:\/\/senioria-swiss.ch\/en\/wp-json\/wp\/v2\/pages\/37\/revisions\/4347"}],"wp:featuredmedia":[{"embeddable":true,"href":"https:\/\/senioria-swiss.ch\/en\/wp-json\/wp\/v2\/media\/993"}],"wp:attachment":[{"href":"https:\/\/senioria-swiss.ch\/en\/wp-json\/wp\/v2\/media?parent=37"}],"curies":[{"name":"wp","href":"https:\/\/api.w.org\/{rel}","templated":true}]}}