{"id":39,"date":"2017-03-31T16:28:27","date_gmt":"2017-03-31T16:28:27","guid":{"rendered":"http:\/\/studio.cridio.com\/listingpro-content\/?page_id=39"},"modified":"2026-04-08T13:53:47","modified_gmt":"2026-04-08T13:53:47","slug":"about-us","status":"publish","type":"page","link":"https:\/\/senioria-swiss.ch\/en\/about-us\/","title":{"rendered":"\u00c0 propos de Senioria"},"content":{"rendered":"<div data-elementor-type=\"wp-page\" data-elementor-id=\"39\" class=\"elementor elementor-39\">\n\t\t\t\t\t\t<section class=\"elementor-section elementor-top-section elementor-element elementor-element-5570393 elementor-section-boxed elementor-section-height-default elementor-section-height-default\" data-id=\"5570393\" data-element_type=\"section\" data-e-type=\"section\">\n\t\t\t\t\t\t<div class=\"elementor-container elementor-column-gap-default\">\n\t\t\t\t\t<div class=\"elementor-column elementor-col-100 elementor-top-column elementor-element elementor-element-d698cfd\" data-id=\"d698cfd\" data-element_type=\"column\" data-e-type=\"column\">\n\t\t\t<div class=\"elementor-widget-wrap elementor-element-populated\">\n\t\t\t\t\t\t<div class=\"elementor-element elementor-element-37cae5a elementor-widget elementor-widget-text-editor\" data-id=\"37cae5a\" data-element_type=\"widget\" data-e-type=\"widget\" data-widget_type=\"text-editor.default\">\n\t\t\t\t\t\t\t\t\t<h4 style=\"text-align: left;\">Une nouvelle fa\u00e7on d\u2019accompagner, d\u00e8s le domicile<\/h4><p>Senioria est n\u00e9 d\u2019une \u00e9vidence : le lieu de vie le plus important reste le domicile. C\u2019est l\u00e0 que se construisent les rep\u00e8res, les habitudes, les souvenirs. C\u2019est l\u00e0 que chacun souhaite rester le plus longtemps possible, en conservant son autonomie et sa qualit\u00e9 de vie. Pourtant, lorsque les besoins \u00e9voluent, les solutions sont souvent fragment\u00e9es, complexes ou tardives.<\/p><p>Senioria a \u00e9t\u00e9 cr\u00e9\u00e9 pour r\u00e9pondre simplement \u00e0 cette r\u00e9alit\u00e9.<\/p><p><strong>Rendre le quotidien plus simple et plus serein<\/strong><\/p><p>Notre ambition est claire : permettre aux seniors de continuer \u00e0 vivre chez eux, tout en \u00e9tant accompagn\u00e9s lorsque cela devient n\u00e9cessaire.<\/p><p>&#8211; Sans rupture.<br \/>&#8211; Sans complexit\u00e9.<br \/>&#8211; \u00c0 leur rythme.<\/p><p>Nous proposons un acc\u00e8s simple \u00e0 des services utiles du quotidien repas, linge, accompagnement, aide pratique organis\u00e9s autour d\u2019un seul objectif : faciliter la vie, sans la bouleverser.<\/p>\t\t\t\t\t\t\t\t<\/div>\n\t\t\t\t\t<\/div>\n\t\t<\/div>\n\t\t\t\t\t<\/div>\n\t\t<\/section>\n\t\t\t\t<section class=\"elementor-section elementor-top-section elementor-element elementor-element-8442e70 fan_facts gray_bg elementor-section-boxed elementor-section-height-default elementor-section-height-default\" data-id=\"8442e70\" data-element_type=\"section\" data-e-type=\"section\">\n\t\t\t\t\t\t<div class=\"elementor-container elementor-column-gap-default\">\n\t\t\t\t\t<div class=\"elementor-column elementor-col-100 elementor-top-column elementor-element elementor-element-ceeb91d\" data-id=\"ceeb91d\" data-element_type=\"column\" data-e-type=\"column\">\n\t\t\t<div class=\"elementor-widget-wrap elementor-element-populated\">\n\t\t\t\t\t\t<section class=\"elementor-section elementor-inner-section elementor-element elementor-element-05d1c29 section-header elementor-section-boxed elementor-section-height-default elementor-section-height-default\" data-id=\"05d1c29\" data-element_type=\"section\" data-e-type=\"section\">\n\t\t\t\t\t\t<div class=\"elementor-container elementor-column-gap-default\">\n\t\t\t\t\t<div class=\"elementor-column elementor-col-100 elementor-inner-column elementor-element elementor-element-cd03540\" data-id=\"cd03540\" data-element_type=\"column\" data-e-type=\"column\">\n\t\t\t<div class=\"elementor-widget-wrap elementor-element-populated\">\n\t\t\t\t\t\t<div class=\"elementor-element elementor-element-6fbec4c elementor-widget elementor-widget-text-editor\" data-id=\"6fbec4c\" data-element_type=\"widget\" data-e-type=\"widget\" data-widget_type=\"text-editor.default\">\n\t\t\t\t\t\t\t\t\t<h3 class=\"vc_custom_heading\" style=\"text-align: center;\">Des indicateurs cl\u00e9s qui t\u00e9moignent de la performance et de la valeur ajout\u00e9e du dispositif.<\/h3><p>Un projet qui transforme les pratiques pour offrir un accompagnement plus coh\u00e9rent, efficace et centr\u00e9 sur les besoins.<\/p>\t\t\t\t\t\t\t\t<\/div>\n\t\t\t\t\t<\/div>\n\t\t<\/div>\n\t\t\t\t\t<\/div>\n\t\t<\/section>\n\t\t\t\t<section class=\"elementor-section elementor-inner-section elementor-element elementor-element-c47c301 elementor-section-boxed elementor-section-height-default elementor-section-height-default\" data-id=\"c47c301\" data-element_type=\"section\" data-e-type=\"section\">\n\t\t\t\t\t\t<div class=\"elementor-container elementor-column-gap-default\">\n\t\t\t\t\t<div class=\"elementor-column elementor-col-25 elementor-inner-column elementor-element elementor-element-ef6b759 facts_info\" data-id=\"ef6b759\" data-element_type=\"column\" data-e-type=\"column\">\n\t\t\t<div class=\"elementor-widget-wrap elementor-element-populated\">\n\t\t\t\t\t\t<div class=\"elementor-element elementor-element-301390b elementor-widget elementor-widget-text-editor\" data-id=\"301390b\" data-element_type=\"widget\" data-e-type=\"widget\" data-widget_type=\"text-editor.default\">\n\t\t\t\t\t\t\t\t\t<p><span style=\"color: #111;\">100%<\/span> \u00a0de continuit\u00e9 de service entre domicile et \u00e9tablissement<\/p>\t\t\t\t\t\t\t\t<\/div>\n\t\t\t\t\t<\/div>\n\t\t<\/div>\n\t\t\t\t<div class=\"elementor-column elementor-col-25 elementor-inner-column elementor-element elementor-element-4739809 facts_info\" data-id=\"4739809\" data-element_type=\"column\" data-e-type=\"column\">\n\t\t\t<div class=\"elementor-widget-wrap elementor-element-populated\">\n\t\t\t\t\t\t<div class=\"elementor-element elementor-element-bee0559 elementor-widget elementor-widget-text-editor\" data-id=\"bee0559\" data-element_type=\"widget\" data-e-type=\"widget\" data-widget_type=\"text-editor.default\">\n\t\t\t\t\t\t\t\t\t<p><span style=\"color: #111;\">+25%<\/span> d\u2019am\u00e9lioration de la qualit\u00e9 per\u00e7ue par les seniors et leurs proches<\/p>\t\t\t\t\t\t\t\t<\/div>\n\t\t\t\t\t<\/div>\n\t\t<\/div>\n\t\t\t\t<div class=\"elementor-column elementor-col-25 elementor-inner-column elementor-element elementor-element-2c0f86c facts_info\" data-id=\"2c0f86c\" data-element_type=\"column\" data-e-type=\"column\">\n\t\t\t<div class=\"elementor-widget-wrap elementor-element-populated\">\n\t\t\t\t\t\t<div class=\"elementor-element elementor-element-3b6e896 elementor-widget elementor-widget-text-editor\" data-id=\"3b6e896\" data-element_type=\"widget\" data-e-type=\"widget\" data-widget_type=\"text-editor.default\">\n\t\t\t\t\t\t\t\t\t<p><span style=\"color: #111;\">-15%\u00a0<\/span> d\u2019optimisation des co\u00fbts logistiques et organisationnels<\/p>\t\t\t\t\t\t\t\t<\/div>\n\t\t\t\t\t<\/div>\n\t\t<\/div>\n\t\t\t\t<div class=\"elementor-column elementor-col-25 elementor-inner-column elementor-element elementor-element-223d814 facts_info\" data-id=\"223d814\" data-element_type=\"column\" data-e-type=\"column\">\n\t\t\t<div class=\"elementor-widget-wrap elementor-element-populated\">\n\t\t\t\t\t\t<div class=\"elementor-element elementor-element-b7c8b66 elementor-widget elementor-widget-text-editor\" data-id=\"b7c8b66\" data-element_type=\"widget\" data-e-type=\"widget\" data-widget_type=\"text-editor.default\">\n\t\t\t\t\t\t\t\t\t<p><span style=\"color: #111;\">1 <\/span>interlocuteur unique pour un accompagnement simplifi\u00e9 et rassurant<\/p>\t\t\t\t\t\t\t\t<\/div>\n\t\t\t\t\t<\/div>\n\t\t<\/div>\n\t\t\t\t\t<\/div>\n\t\t<\/section>\n\t\t\t\t\t<\/div>\n\t\t<\/div>\n\t\t\t\t\t<\/div>\n\t\t<\/section>\n\t\t\t\t<section class=\"elementor-section elementor-top-section elementor-element elementor-element-85c449c elementor-section-boxed elementor-section-height-default elementor-section-height-default\" data-id=\"85c449c\" data-element_type=\"section\" data-e-type=\"section\">\n\t\t\t\t\t\t<div class=\"elementor-container elementor-column-gap-default\">\n\t\t\t\t\t<div class=\"elementor-column elementor-col-50 elementor-top-column elementor-element elementor-element-52f0aeb\" data-id=\"52f0aeb\" data-element_type=\"column\" data-e-type=\"column\">\n\t\t\t<div class=\"elementor-widget-wrap elementor-element-populated\">\n\t\t\t\t\t\t<div class=\"elementor-element elementor-element-b321b0d elementor-widget elementor-widget-spacer\" data-id=\"b321b0d\" data-element_type=\"widget\" data-e-type=\"widget\" data-widget_type=\"spacer.default\">\n\t\t\t\t\t\t\t<div class=\"elementor-spacer\">\n\t\t\t<div class=\"elementor-spacer-inner\"><\/div>\n\t\t<\/div>\n\t\t\t\t\t\t<\/div>\n\t\t\t\t<div class=\"elementor-element elementor-element-19baa21 elementor-widget elementor-widget-image\" data-id=\"19baa21\" data-element_type=\"widget\" data-e-type=\"widget\" data-widget_type=\"image.default\">\n\t\t\t\t\t\t\t\t\t\t\t\t\t\t\t<img fetchpriority=\"high\" decoding=\"async\" width=\"900\" height=\"900\" src=\"https:\/\/senioria-swiss.ch\/wp-content\/uploads\/2026\/04\/ChatGPT-Image-2-avr.-2026-20_34_34.png\" class=\"attachment-large size-large wp-image-4238\" alt=\"\" srcset=\"https:\/\/senioria-swiss.ch\/wp-content\/uploads\/2026\/04\/ChatGPT-Image-2-avr.-2026-20_34_34.png 1024w, https:\/\/senioria-swiss.ch\/wp-content\/uploads\/2026\/04\/ChatGPT-Image-2-avr.-2026-20_34_34-300x300.png 300w, https:\/\/senioria-swiss.ch\/wp-content\/uploads\/2026\/04\/ChatGPT-Image-2-avr.-2026-20_34_34-150x150.png 150w, https:\/\/senioria-swiss.ch\/wp-content\/uploads\/2026\/04\/ChatGPT-Image-2-avr.-2026-20_34_34-768x768.png 768w, https:\/\/senioria-swiss.ch\/wp-content\/uploads\/2026\/04\/ChatGPT-Image-2-avr.-2026-20_34_34-12x12.png 12w\" sizes=\"(max-width: 900px) 100vw, 900px\" \/>\t\t\t\t\t\t\t\t\t\t\t\t\t\t\t<\/div>\n\t\t\t\t\t<\/div>\n\t\t<\/div>\n\t\t\t\t<div class=\"elementor-column elementor-col-50 elementor-top-column elementor-element elementor-element-45625ab\" data-id=\"45625ab\" data-element_type=\"column\" data-e-type=\"column\">\n\t\t\t<div class=\"elementor-widget-wrap elementor-element-populated\">\n\t\t\t\t\t\t<div class=\"elementor-element elementor-element-fb54a45 elementor-widget elementor-widget-text-editor\" data-id=\"fb54a45\" data-element_type=\"widget\" data-e-type=\"widget\" data-widget_type=\"text-editor.default\">\n\t\t\t\t\t\t\t\t\t<p data-start=\"89\" data-end=\"144\"><strong data-start=\"89\" data-end=\"144\">Senioria \u2013 La confiance au c\u0153ur de l\u2019accompagnement<\/strong><\/p><p data-start=\"146\" data-end=\"682\">Faire entrer un service \u00e0 domicile est une d\u00e9cision importante, qui repose avant tout sur la confiance. C\u2019est pourquoi Senioria s\u2019appuie exclusivement sur des \u00e9tablissements m\u00e9dico-sociaux (EMS) locaux, reconnus pour leur s\u00e9rieux, la qualit\u00e9 de leurs \u00e9quipes et leur engagement aupr\u00e8s des seniors. Ce lien direct avec l\u2019EMS change profond\u00e9ment l\u2019exp\u00e9rience : il garantit une continuit\u00e9 dans l\u2019accompagnement, une proximit\u00e9 r\u00e9elle et surtout une relation de confiance durable, essentielle pour les b\u00e9n\u00e9ficiaires comme pour leurs proches.<\/p><p data-start=\"684\" data-end=\"1128\">Senioria propose une approche progressive et respectueuse, fond\u00e9e sur une conviction simple : il n\u2019existe pas de moment unique ou id\u00e9al pour \u00eatre accompagn\u00e9. Chaque personne, chaque parcours est diff\u00e9rent. L\u2019accompagnement peut ainsi d\u00e9buter par un besoin ponctuel, \u00e9voluer vers une aide r\u00e9guli\u00e8re, puis s\u2019adapter dans le temps en fonction des situations. \u00c0 chaque \u00e9tape, les choix, le rythme et l\u2019autonomie de chacun sont pleinement respect\u00e9s.<\/p><p data-start=\"1130\" data-end=\"1531\">Dans cette logique, Senioria s\u2019inscrit dans une vision plus fluide du parcours senior, o\u00f9 l\u2019accompagnement ne commence pas uniquement en \u00e9tablissement, mais bien en amont, d\u00e8s le domicile. En cr\u00e9ant ce lien pr\u00e9coce, Senioria permet d\u2019anticiper les besoins, de rassurer les familles et de construire une relation de confiance dans la dur\u00e9e, en lien avec les acteurs locaux de sant\u00e9 et du m\u00e9dico-social.<\/p><p data-start=\"1533\" data-end=\"1698\">L\u2019engagement de Senioria est clair : \u00eatre utile, simplement ; \u00eatre pr\u00e9sent, sans jamais s\u2019imposer ; apporter des solutions concr\u00e8tes, avec exigence et bienveillance.<\/p><p data-start=\"1700\" data-end=\"1824\" data-is-last-node=\"\" data-is-only-node=\"\"><strong data-start=\"1700\" data-end=\"1824\" data-is-last-node=\"\">Senioria, une pr\u00e9sence de confiance au c\u0153ur du quotidien, pour permettre \u00e0 chacun de rester chez soi, en toute s\u00e9r\u00e9nit\u00e9.<\/strong><\/p>\t\t\t\t\t\t\t\t<\/div>\n\t\t\t\t\t<\/div>\n\t\t<\/div>\n\t\t\t\t\t<\/div>\n\t\t<\/section>\n\t\t\t\t<\/div>","protected":false},"excerpt":{"rendered":"<div class=\"contant\"><\/div>","protected":false},"author":1,"featured_media":4110,"parent":0,"menu_order":0,"comment_status":"closed","ping_status":"closed","template":"","meta":{"footnotes":""},"class_list":["post-39","page","type-page","status-publish","has-post-thumbnail","hentry"],"_links":{"self":[{"href":"https:\/\/senioria-swiss.ch\/en\/wp-json\/wp\/v2\/pages\/39","targetHints":{"allow":["GET"]}}],"collection":[{"href":"https:\/\/senioria-swiss.ch\/en\/wp-json\/wp\/v2\/pages"}],"about":[{"href":"https:\/\/senioria-swiss.ch\/en\/wp-json\/wp\/v2\/types\/page"}],"author":[{"embeddable":true,"href":"https:\/\/senioria-swiss.ch\/en\/wp-json\/wp\/v2\/users\/1"}],"replies":[{"embeddable":true,"href":"https:\/\/senioria-swiss.ch\/en\/wp-json\/wp\/v2\/comments?post=39"}],"version-history":[{"count":20,"href":"https:\/\/senioria-swiss.ch\/en\/wp-json\/wp\/v2\/pages\/39\/revisions"}],"predecessor-version":[{"id":4359,"href":"https:\/\/senioria-swiss.ch\/en\/wp-json\/wp\/v2\/pages\/39\/revisions\/4359"}],"wp:featuredmedia":[{"embeddable":true,"href":"https:\/\/senioria-swiss.ch\/en\/wp-json\/wp\/v2\/media\/4110"}],"wp:attachment":[{"href":"https:\/\/senioria-swiss.ch\/en\/wp-json\/wp\/v2\/media?parent=39"}],"curies":[{"name":"wp","href":"https:\/\/api.w.org\/{rel}","templated":true}]}}